{"id":1042,"date":"2024-11-15T18:56:28","date_gmt":"2024-11-15T18:56:28","guid":{"rendered":"https:\/\/charcas-slp.gob.mx\/2024-2027\/?page_id=1042"},"modified":"2024-11-15T19:52:45","modified_gmt":"2024-11-15T19:52:45","slug":"informacion-financiera-smdif","status":"publish","type":"page","link":"https:\/\/2024-2027.charcas-slp.gob.mx\/?page_id=1042","title":{"rendered":"Informaci\u00f3n Financiera SMDIF"},"content":{"rendered":"\n<p>TERCER TRIMESTRE 2024<\/p>\n\n\n\n<figure class=\"wp-block-table\"><table class=\"has-fixed-layout\"><tbody><tr><td><a href=\"https:\/\/charcas-slp.gob.mx\/2024-2027\/wp-content\/uploads\/2024\/11\/Conciliacion_Presupuestal_Egresos_3092024.pdf\" data-type=\"link\" data-id=\"https:\/\/charcas-slp.gob.mx\/2024-2027\/wp-content\/uploads\/2024\/11\/Conciliacion_Presupuestal_Egresos_3092024.pdf\">Conciliacion_Presupuestal_Egresos_3092024<\/a><\/td><\/tr><tr><td><a href=\"https:\/\/charcas-slp.gob.mx\/2024-2027\/wp-content\/uploads\/2024\/11\/Conciliacion_Presupuestal_Ingresos_3092024.pdf\" data-type=\"link\" data-id=\"https:\/\/charcas-slp.gob.mx\/2024-2027\/wp-content\/uploads\/2024\/11\/Conciliacion_Presupuestal_Ingresos_3092024.pdf\">Conciliacion_Presupuestal_Ingresos_3092024<\/a><\/td><\/tr><tr><td><a href=\"https:\/\/charcas-slp.gob.mx\/2024-2027\/wp-content\/uploads\/2024\/11\/Egresos_por_clasificacion_administrativa_Paraestatal_3092024.pdf\" data-type=\"link\" data-id=\"https:\/\/charcas-slp.gob.mx\/2024-2027\/wp-content\/uploads\/2024\/11\/Egresos_por_clasificacion_administrativa_Paraestatal_3092024.pdf\">Egresos_por_clasificaci\u00f3n_administrativa_Paraestatal_3092024<\/a><\/td><\/tr><tr><td><a href=\"https:\/\/charcas-slp.gob.mx\/2024-2027\/wp-content\/uploads\/2024\/11\/Egresos_por_clasificacion_economica_por_tipo_de_gasto_3092024.pdf\" data-type=\"link\" data-id=\"https:\/\/charcas-slp.gob.mx\/2024-2027\/wp-content\/uploads\/2024\/11\/Egresos_por_clasificacion_economica_por_tipo_de_gasto_3092024.pdf\">Egresos_por_clasificaci\u00f3n_econ\u00f3mica_por_tipo_de_gasto_3092024<\/a><\/td><\/tr><tr><td><a href=\"https:\/\/charcas-slp.gob.mx\/2024-2027\/wp-content\/uploads\/2024\/11\/Egresos_por_clasificacion_funcional_3092024.pdf\" data-type=\"link\" data-id=\"https:\/\/charcas-slp.gob.mx\/2024-2027\/wp-content\/uploads\/2024\/11\/Egresos_por_clasificacion_funcional_3092024.pdf\">Egresos_por_clasificaci\u00f3n_funcional_3092024<\/a><\/td><\/tr><tr><td><a href=\"https:\/\/charcas-slp.gob.mx\/2024-2027\/wp-content\/uploads\/2024\/11\/Egresos_por_clasificacion_por_objeto_del_gasto_3092024.pdf\" data-type=\"link\" data-id=\"https:\/\/charcas-slp.gob.mx\/2024-2027\/wp-content\/uploads\/2024\/11\/Egresos_por_clasificacion_por_objeto_del_gasto_3092024.pdf\">Egresos_por_clasificaci\u00f3n_por_objeto_del_gasto_3092024<\/a><\/td><\/tr><tr><td><a href=\"https:\/\/charcas-slp.gob.mx\/2024-2027\/wp-content\/uploads\/2024\/11\/Endeudamiento_neto_3092024.pdf\" data-type=\"link\" data-id=\"https:\/\/charcas-slp.gob.mx\/2024-2027\/wp-content\/uploads\/2024\/11\/Endeudamiento_neto_3092024.pdf\">Endeudamiento_neto_3092024<\/a><\/td><\/tr><tr><td><a href=\"https:\/\/charcas-slp.gob.mx\/2024-2027\/wp-content\/uploads\/2024\/11\/Estado_analitico_de_ingresos_2019_3092024.pdf\" data-type=\"link\" data-id=\"https:\/\/charcas-slp.gob.mx\/2024-2027\/wp-content\/uploads\/2024\/11\/Estado_analitico_de_ingresos_2019_3092024.pdf\">Estado_anal\u00edtico_de_ingresos_2019_3092024<\/a><\/td><\/tr><tr><td><a href=\"https:\/\/charcas-slp.gob.mx\/2024-2027\/wp-content\/uploads\/2024\/11\/Estado_analitico_de_la_deuda_y_otros_pasivos_3092024.pdf\" data-type=\"link\" data-id=\"https:\/\/charcas-slp.gob.mx\/2024-2027\/wp-content\/uploads\/2024\/11\/Estado_analitico_de_la_deuda_y_otros_pasivos_3092024.pdf\">Estado_analitico_de_la_deuda_y_otros_pasivos_3092024<\/a><\/td><\/tr><tr><td><a href=\"https:\/\/charcas-slp.gob.mx\/2024-2027\/wp-content\/uploads\/2024\/11\/Estado_analitico_del_activo_3092024.pdf\" data-type=\"link\" data-id=\"https:\/\/charcas-slp.gob.mx\/2024-2027\/wp-content\/uploads\/2024\/11\/Estado_analitico_del_activo_3092024.pdf\">Estado_anal\u00edtico_del_activo_3092024<\/a><\/td><\/tr><tr><td><a href=\"https:\/\/charcas-slp.gob.mx\/2024-2027\/wp-content\/uploads\/2024\/11\/Estado_de_actividades_3092024.pdf\" data-type=\"link\" data-id=\"https:\/\/charcas-slp.gob.mx\/2024-2027\/wp-content\/uploads\/2024\/11\/Estado_de_actividades_3092024.pdf\">Estado_de_actividades_3092024<\/a><\/td><\/tr><tr><td><a href=\"https:\/\/charcas-slp.gob.mx\/2024-2027\/wp-content\/uploads\/2024\/11\/Estado_de_cambios_en_la_situacion_financiera_3092024.pdf\" data-type=\"link\" data-id=\"https:\/\/charcas-slp.gob.mx\/2024-2027\/wp-content\/uploads\/2024\/11\/Estado_de_cambios_en_la_situacion_financiera_3092024.pdf\">Estado_de_cambios_en_la_situaci\u00f3n_financiera_3092024<\/a><\/td><\/tr><tr><td><a href=\"https:\/\/charcas-slp.gob.mx\/2024-2027\/wp-content\/uploads\/2024\/11\/Estado_de_flujos_de_efectivo_3092024.pdf\" data-type=\"link\" data-id=\"https:\/\/charcas-slp.gob.mx\/2024-2027\/wp-content\/uploads\/2024\/11\/Estado_de_flujos_de_efectivo_3092024.pdf\">Estado_de_flujos_de_efectivo_3092024<\/a><\/td><\/tr><tr><td><a href=\"https:\/\/charcas-slp.gob.mx\/2024-2027\/wp-content\/uploads\/2024\/11\/Estado_de_situacion_financiera_3092024.pdf\" data-type=\"link\" data-id=\"https:\/\/charcas-slp.gob.mx\/2024-2027\/wp-content\/uploads\/2024\/11\/Estado_de_situacion_financiera_3092024.pdf\">Estado_de_situaci\u00f3n_financiera_3092024<\/a><\/td><\/tr><tr><td><a href=\"https:\/\/charcas-slp.gob.mx\/2024-2027\/wp-content\/uploads\/2024\/11\/Estado_de_variacion_en_la_hacienda_publica_3092024.pdf\" data-type=\"link\" data-id=\"https:\/\/charcas-slp.gob.mx\/2024-2027\/wp-content\/uploads\/2024\/11\/Estado_de_variacion_en_la_hacienda_publica_3092024.pdf\">Estado_de_variaci\u00f3n_en_la_hacienda_p\u00fablica_3092024<\/a><\/td><\/tr><tr><td><a href=\"https:\/\/charcas-slp.gob.mx\/2024-2027\/wp-content\/uploads\/2024\/11\/Gasto_por_categoria_programatica_3092024.pdf\" data-type=\"link\" data-id=\"https:\/\/charcas-slp.gob.mx\/2024-2027\/wp-content\/uploads\/2024\/11\/Gasto_por_categoria_programatica_3092024.pdf\">Gasto_por_categor\u00eda_program\u00e1tica_3092024<\/a><\/td><\/tr><tr><td><a href=\"https:\/\/charcas-slp.gob.mx\/2024-2027\/wp-content\/uploads\/2024\/11\/Indicadores_de_postura_fiscal_3092024.pdf\" data-type=\"link\" data-id=\"https:\/\/charcas-slp.gob.mx\/2024-2027\/wp-content\/uploads\/2024\/11\/Indicadores_de_postura_fiscal_3092024.pdf\">Indicadores_de_postura_fiscal_3092024<\/a><\/td><\/tr><tr><td><a href=\"https:\/\/charcas-slp.gob.mx\/2024-2027\/wp-content\/uploads\/2024\/11\/Informe_sobre_pasivos_contingentes_3092024.pdf\" data-type=\"link\" data-id=\"https:\/\/charcas-slp.gob.mx\/2024-2027\/wp-content\/uploads\/2024\/11\/Informe_sobre_pasivos_contingentes_3092024.pdf\">Informe_sobre_pasivos_contingentes_3092024<\/a><\/td><\/tr><tr><td><a href=\"https:\/\/charcas-slp.gob.mx\/2024-2027\/wp-content\/uploads\/2024\/11\/Intereses_de_la_deuda_3092024.pdf\" data-type=\"link\" data-id=\"https:\/\/charcas-slp.gob.mx\/2024-2027\/wp-content\/uploads\/2024\/11\/Intereses_de_la_deuda_3092024.pdf\">Intereses_de_la_deuda_3092024<\/a><\/td><\/tr><tr><td><a href=\"https:\/\/charcas-slp.gob.mx\/2024-2027\/wp-content\/uploads\/2024\/11\/MATRICES-DE-INDICADORES-DE-RESULTADOS-MIR.pdf\" data-type=\"link\" data-id=\"https:\/\/charcas-slp.gob.mx\/2024-2027\/wp-content\/uploads\/2024\/11\/MATRICES-DE-INDICADORES-DE-RESULTADOS-MIR.pdf\">MATRICES DE INDICADORES DE RESULTADOS (MIR)<\/a><\/td><\/tr><tr><td><a href=\"https:\/\/charcas-slp.gob.mx\/2024-2027\/wp-content\/uploads\/2024\/11\/Notas_Estados_Financieros_3092024_.pdf\" data-type=\"link\" data-id=\"https:\/\/charcas-slp.gob.mx\/2024-2027\/wp-content\/uploads\/2024\/11\/Notas_Estados_Financieros_3092024_.pdf\">Notas_Estados_Financieros_3092024<\/a><\/td><\/tr><tr><td><a href=\"https:\/\/charcas-slp.gob.mx\/2024-2027\/wp-content\/uploads\/2024\/11\/PROYECTOS.pdf\" data-type=\"link\" data-id=\"https:\/\/charcas-slp.gob.mx\/2024-2027\/wp-content\/uploads\/2024\/11\/PROYECTOS.pdf\">PROYECTOS<\/a><\/td><\/tr><\/tbody><\/table><\/figure>\n","protected":false},"excerpt":{"rendered":"<p>TERCER TRIMESTRE 2024 Conciliacion_Presupuestal_Egresos_3092024 Conciliacion_Presupuestal_Ingresos_3092024 Egresos_por_clasificaci\u00f3n_administrativa_Paraestatal_3092024 Egresos_por_clasificaci\u00f3n_econ\u00f3mica_por_tipo_de_gasto_3092024 Egresos_por_clasificaci\u00f3n_funcional_3092024 Egresos_por_clasificaci\u00f3n_por_objeto_del_gasto_3092024 Endeudamiento_neto_3092024 Estado_anal\u00edtico_de_ingresos_2019_3092024 Estado_analitico_de_la_deuda_y_otros_pasivos_3092024 Estado_anal\u00edtico_del_activo_3092024 Estado_de_actividades_3092024 Estado_de_cambios_en_la_situaci\u00f3n_financiera_3092024 Estado_de_flujos_de_efectivo_3092024 Estado_de_situaci\u00f3n_financiera_3092024 Estado_de_variaci\u00f3n_en_la_hacienda_p\u00fablica_3092024 Gasto_por_categor\u00eda_program\u00e1tica_3092024 Indicadores_de_postura_fiscal_3092024 Informe_sobre_pasivos_contingentes_3092024 Intereses_de_la_deuda_3092024 MATRICES DE INDICADORES DE RESULTADOS (MIR) Notas_Estados_Financieros_3092024 PROYECTOS<\/p>\n","protected":false},"author":2,"featured_media":0,"parent":0,"menu_order":0,"comment_status":"closed","ping_status":"closed","template":"","meta":{"footnotes":""},"class_list":["post-1042","page","type-page","status-publish","hentry"],"_links":{"self":[{"href":"https:\/\/2024-2027.charcas-slp.gob.mx\/index.php?rest_route=\/wp\/v2\/pages\/1042","targetHints":{"allow":["GET"]}}],"collection":[{"href":"https:\/\/2024-2027.charcas-slp.gob.mx\/index.php?rest_route=\/wp\/v2\/pages"}],"about":[{"href":"https:\/\/2024-2027.charcas-slp.gob.mx\/index.php?rest_route=\/wp\/v2\/types\/page"}],"author":[{"embeddable":true,"href":"https:\/\/2024-2027.charcas-slp.gob.mx\/index.php?rest_route=\/wp\/v2\/users\/2"}],"replies":[{"embeddable":true,"href":"https:\/\/2024-2027.charcas-slp.gob.mx\/index.php?rest_route=%2Fwp%2Fv2%2Fcomments&post=1042"}],"version-history":[{"count":7,"href":"https:\/\/2024-2027.charcas-slp.gob.mx\/index.php?rest_route=\/wp\/v2\/pages\/1042\/revisions"}],"predecessor-version":[{"id":1094,"href":"https:\/\/2024-2027.charcas-slp.gob.mx\/index.php?rest_route=\/wp\/v2\/pages\/1042\/revisions\/1094"}],"wp:attachment":[{"href":"https:\/\/2024-2027.charcas-slp.gob.mx\/index.php?rest_route=%2Fwp%2Fv2%2Fmedia&parent=1042"}],"curies":[{"name":"wp","href":"https:\/\/api.w.org\/{rel}","templated":true}]}}