{"id":1235,"date":"2025-05-05T20:14:29","date_gmt":"2025-05-05T20:14:29","guid":{"rendered":"https:\/\/charcas-slp.gob.mx\/2024-2027\/?page_id=1235"},"modified":"2025-08-10T20:46:43","modified_gmt":"2025-08-10T20:46:43","slug":"informacion-financiera-3","status":"publish","type":"page","link":"https:\/\/2024-2027.charcas-slp.gob.mx\/?page_id=1235","title":{"rendered":"INFORMACI\u00d3N FINANCIERA 1ER TRIMESTRE 2025"},"content":{"rendered":"\n<p> <strong><a href=\"https:\/\/charcas-slp.gob.mx\/2024-2027\/wp-content\/uploads\/2025\/05\/1.-Estado_de_situacion_financiera_3132025.pdf\">ESTADO DE SITUACI\u00d3N FINACNCIERA <\/a><\/strong><\/p>\n\n\n\n<p><a href=\"https:\/\/charcas-slp.gob.mx\/2024-2027\/wp-content\/uploads\/2025\/05\/2.-Estado_de_actividades_3132025.pdf\"><strong>ESTADO DE ACTIVIDADES <\/strong><\/a><\/p>\n\n\n\n<p><strong><a href=\"https:\/\/charcas-slp.gob.mx\/2024-2027\/wp-content\/uploads\/2025\/05\/3.-Estado_de_variacion_en_la_hacienda_publica_3132025.pdf\">ESTADO DE VARIACI\u00d3N EN LA HACIENDA PUBLICA <\/a><\/strong><\/p>\n\n\n\n<p><strong><a href=\"https:\/\/charcas-slp.gob.mx\/2024-2027\/wp-content\/uploads\/2025\/05\/4.-Estado_de_cambios_en_la_situacion_financiera_3132025.pdf\">ESTADO DE CAMBIOS EN LA SITUACI\u00d3N FINANCIERA<\/a><\/strong> <\/p>\n\n\n\n<p><strong><a href=\"https:\/\/charcas-slp.gob.mx\/2024-2027\/wp-content\/uploads\/2025\/05\/5.-Estado_analitico_del_activo_3132025.pdf\">ESTADO ANALITICO DEL ACTIVO<\/a><\/strong><\/p>\n\n\n\n<p><strong><a href=\"https:\/\/charcas-slp.gob.mx\/2024-2027\/wp-content\/uploads\/2025\/05\/6.-Estado_analitico_de_la_deuda_y_otros_pasivos_3132025.pdf\">ESTADO ANALITICO DE LA DEUDA Y OTROS PASIVOS <\/a><\/strong><\/p>\n\n\n\n<p><strong><a href=\"https:\/\/charcas-slp.gob.mx\/2024-2027\/wp-content\/uploads\/2025\/05\/7.-Informe_sobre_pasivos_contingentes_3132025.pdf\">INFORME SOBRE PASIVOS CONTINGENTES <\/a><\/strong><\/p>\n\n\n\n<p><strong><a href=\"https:\/\/charcas-slp.gob.mx\/2024-2027\/wp-content\/uploads\/2025\/05\/8.-Estado_analitico_de_ingresos_2019_3132025.pdf\">ESTADO ANALITICO DE INGRESOS <\/a><\/strong><\/p>\n\n\n\n<p><strong><a href=\"https:\/\/charcas-slp.gob.mx\/2024-2027\/wp-content\/uploads\/2025\/05\/9.-Egresos_por_clasificacion_por_objeto_del_gasto_3132025.pdf\">EGRESOS POR CLASIFICACI\u00d3N POR OBJETO DEL GASTO<\/a><\/strong><\/p>\n\n\n\n<p><strong><a href=\"https:\/\/charcas-slp.gob.mx\/2024-2027\/wp-content\/uploads\/2025\/05\/10.-Egresos_por_clasificacion_economica_por_tipo_de_gasto_3132025.pdf\">EGRESOS POR CLASIFICACI\u00d3N ECONOMICA POR TIPO DE GASTO<\/a><\/strong><\/p>\n\n\n\n<p><strong><a href=\"https:\/\/charcas-slp.gob.mx\/2024-2027\/wp-content\/uploads\/2025\/05\/11.-Egresos_por_clasificacion_administrativa_3132025.pdf\">EGRESOS POR CLASIFICACI\u00d3N ADMINISTRATIVA<\/a><\/strong><\/p>\n\n\n\n<p><strong><a href=\"https:\/\/charcas-slp.gob.mx\/2024-2027\/wp-content\/uploads\/2025\/05\/12.-Egresos_por_clasificacion_funcional_3132025.pdf\">EGRESOS POR CLASIFICACI\u00d3N FUNCIONAL <\/a><\/strong><\/p>\n\n\n\n<p><strong><a href=\"https:\/\/charcas-slp.gob.mx\/2024-2027\/wp-content\/uploads\/2025\/05\/13.-Endeudamiento_neto_3132025.pdf\">ENDEUDAMIENTO NETO<\/a><\/strong><\/p>\n\n\n\n<p><strong><a href=\"https:\/\/charcas-slp.gob.mx\/2024-2027\/wp-content\/uploads\/2025\/05\/14.-Intereses_de_la_deuda_3132025.pdf\">INTERESES DE LA DEUDA<\/a><\/strong> <\/p>\n\n\n\n<p><strong><a href=\"https:\/\/charcas-slp.gob.mx\/2024-2027\/wp-content\/uploads\/2025\/05\/15.-Indicadores_de_postura_fiscal_3132025.pdf\">INDICADORES DE POSTURA FISCAL<\/a><\/strong><\/p>\n\n\n\n<p><strong><a href=\"https:\/\/charcas-slp.gob.mx\/2024-2027\/wp-content\/uploads\/2025\/05\/16.-Gasto_por_categoria_programatica_3132025.pdf\">GASTO POR CATEGORIA PROGRAMATICA <\/a><\/strong><\/p>\n\n\n\n<p><strong><a href=\"https:\/\/charcas-slp.gob.mx\/2024-2027\/wp-content\/uploads\/2025\/05\/17.-Notas_Estados_Financieros_3132025.pdf\">NOTAS ESTADOS FINANCIEROS <\/a><\/strong><\/p>\n\n\n\n<p><strong><a href=\"https:\/\/2024-2027.charcas-slp.gob.mx\/wp-content\/uploads\/2025\/08\/Conciliacion_Presupuestal_Egresos_3062025.xls\">CONSILACI\u00d3N PRESUPUESTAL EGRESOS<\/a><\/strong><\/p>\n\n\n\n<p><strong><a href=\"https:\/\/2024-2027.charcas-slp.gob.mx\/wp-content\/uploads\/2025\/08\/Estado_de_flujos_de_efectivo_3062025.xls\">ESTADO DE FLUJOS DE EFECTIVO<\/a><\/strong><\/p>\n\n\n\n<p><\/p>\n","protected":false},"excerpt":{"rendered":"<p>ESTADO DE SITUACI\u00d3N FINACNCIERA ESTADO DE ACTIVIDADES ESTADO DE VARIACI\u00d3N EN LA HACIENDA PUBLICA ESTADO DE CAMBIOS EN LA SITUACI\u00d3N FINANCIERA ESTADO ANALITICO DEL ACTIVO ESTADO ANALITICO DE LA DEUDA Y OTROS PASIVOS INFORME SOBRE PASIVOS CONTINGENTES ESTADO ANALITICO DE INGRESOS EGRESOS POR CLASIFICACI\u00d3N POR OBJETO DEL GASTO EGRESOS POR CLASIFICACI\u00d3N ECONOMICA POR TIPO DE [&hellip;]<\/p>\n","protected":false},"author":2,"featured_media":0,"parent":0,"menu_order":0,"comment_status":"closed","ping_status":"closed","template":"","meta":{"footnotes":""},"class_list":["post-1235","page","type-page","status-publish","hentry"],"_links":{"self":[{"href":"https:\/\/2024-2027.charcas-slp.gob.mx\/index.php?rest_route=\/wp\/v2\/pages\/1235","targetHints":{"allow":["GET"]}}],"collection":[{"href":"https:\/\/2024-2027.charcas-slp.gob.mx\/index.php?rest_route=\/wp\/v2\/pages"}],"about":[{"href":"https:\/\/2024-2027.charcas-slp.gob.mx\/index.php?rest_route=\/wp\/v2\/types\/page"}],"author":[{"embeddable":true,"href":"https:\/\/2024-2027.charcas-slp.gob.mx\/index.php?rest_route=\/wp\/v2\/users\/2"}],"replies":[{"embeddable":true,"href":"https:\/\/2024-2027.charcas-slp.gob.mx\/index.php?rest_route=%2Fwp%2Fv2%2Fcomments&post=1235"}],"version-history":[{"count":22,"href":"https:\/\/2024-2027.charcas-slp.gob.mx\/index.php?rest_route=\/wp\/v2\/pages\/1235\/revisions"}],"predecessor-version":[{"id":1392,"href":"https:\/\/2024-2027.charcas-slp.gob.mx\/index.php?rest_route=\/wp\/v2\/pages\/1235\/revisions\/1392"}],"wp:attachment":[{"href":"https:\/\/2024-2027.charcas-slp.gob.mx\/index.php?rest_route=%2Fwp%2Fv2%2Fmedia&parent=1235"}],"curies":[{"name":"wp","href":"https:\/\/api.w.org\/{rel}","templated":true}]}}