{"id":1372,"date":"2025-08-07T18:08:39","date_gmt":"2025-08-07T18:08:39","guid":{"rendered":"https:\/\/2024-2027.charcas-slp.gob.mx\/?page_id=1372"},"modified":"2025-08-10T20:55:45","modified_gmt":"2025-08-10T20:55:45","slug":"informacion-financiera-2do-trimestre-2025","status":"publish","type":"page","link":"https:\/\/2024-2027.charcas-slp.gob.mx\/?page_id=1372","title":{"rendered":"INFORMACI\u00d3N FINANCIERA 2DO TRIMESTRE 2025"},"content":{"rendered":"\n<p><strong><a href=\"https:\/\/2024-2027.charcas-slp.gob.mx\/wp-content\/uploads\/2025\/08\/Estado_de_situacion_financiera_3062025.xls\">ESTADO DE SITUACI\u00d3N FINANCIERA<\/a><\/strong><\/p>\n\n\n\n<p><strong><a href=\"https:\/\/2024-2027.charcas-slp.gob.mx\/wp-content\/uploads\/2025\/08\/Estado_de_actividades_3062025.xls\">ESTADO DE ACTIVIDADES <\/a><\/strong><\/p>\n\n\n\n<p><strong><a href=\"https:\/\/2024-2027.charcas-slp.gob.mx\/wp-content\/uploads\/2025\/08\/Estado_de_variacion_en_la_hacienda_publica_3062025.xls\">ESTADO DE VARIACI\u00d3N EN LA HACIENDA PUBLICA <\/a><\/strong><\/p>\n\n\n\n<p><a href=\"https:\/\/2024-2027.charcas-slp.gob.mx\/wp-content\/uploads\/2025\/08\/Estado_de_cambios_en_la_situacion_financiera_3062025.xls\"><strong>ESTADO DE CAMBIOS EN LA SITUACI\u00d3N FINANCIERA<\/strong> <\/a><\/p>\n\n\n\n<p><strong><a href=\"https:\/\/2024-2027.charcas-slp.gob.mx\/wp-content\/uploads\/2025\/08\/Estado_analitico_del_activo_3062025.xls\">ESTADO ANALITICO DEL ACTIVO <\/a><\/strong><\/p>\n\n\n\n<p><strong><a href=\"https:\/\/2024-2027.charcas-slp.gob.mx\/wp-content\/uploads\/2025\/08\/Estado_analitico_de_la_deuda_y_otros_pasivos_3062025.xls\">ESTADO ANALITICO DE LA DEUDA Y OTROS PASIVOS <\/a><\/strong><\/p>\n\n\n\n<p><strong><a href=\"https:\/\/2024-2027.charcas-slp.gob.mx\/wp-content\/uploads\/2025\/08\/Informe_sobre_pasivos_contingentes_3062025.xls\">INFORME SOBRE PASIVOS CONTINGENTES <\/a><\/strong><\/p>\n\n\n\n<p><strong><a href=\"https:\/\/2024-2027.charcas-slp.gob.mx\/wp-content\/uploads\/2025\/08\/Estado_analitico_de_ingresos_2019_3062025.xls\">ESTADO ANALITICO DE INGRESOS<\/a><\/strong><\/p>\n\n\n\n<p><strong><a href=\"https:\/\/2024-2027.charcas-slp.gob.mx\/wp-content\/uploads\/2025\/08\/Egresos_por_clasificacion_por_objeto_del_gasto_3062025.xls\">EGRESOS POR CLASIFICACI\u00d3N POR OBJETO DEL GASTO<\/a><\/strong><\/p>\n\n\n\n<p><strong><a href=\"https:\/\/2024-2027.charcas-slp.gob.mx\/wp-content\/uploads\/2025\/08\/Egresos_por_clasificacion_economica_por_tipo_de_gasto_3062025.xls\">EGRESOS POR CLASIFICACI\u00d3N ECONOMICA POR TIPO DE GASTO<\/a><\/strong><\/p>\n\n\n\n<p><strong><a href=\"https:\/\/2024-2027.charcas-slp.gob.mx\/wp-content\/uploads\/2025\/08\/Egresos_por_clasificacion_administrativa_3062025.xls\">EGRESOS POR CLASIFICACI\u00d3N ADMINISTRATIVA <\/a><\/strong><\/p>\n\n\n\n<p><strong><a href=\"https:\/\/2024-2027.charcas-slp.gob.mx\/wp-content\/uploads\/2025\/08\/Egresos_por_clasificacion_funcional_3062025.xls\">EGRESOS POR CLASIFICACI\u00d3N FUNCIONAL<\/a><\/strong><\/p>\n\n\n\n<p><strong><a href=\"https:\/\/2024-2027.charcas-slp.gob.mx\/wp-content\/uploads\/2025\/08\/Endeudamiento_neto_3062025.xls\">ENDEUDAMIENTO NETO<\/a><\/strong><\/p>\n\n\n\n<p><strong><a href=\"https:\/\/2024-2027.charcas-slp.gob.mx\/wp-content\/uploads\/2025\/08\/Intereses_de_la_deuda_3062025.xls\">INTERESES DE LA DEUDA <\/a><\/strong><\/p>\n\n\n\n<p><strong><a href=\"https:\/\/2024-2027.charcas-slp.gob.mx\/wp-content\/uploads\/2025\/08\/Indicadores_de_postura_fiscal_3062025.xls\">INDICADORES DE POSTURA FISCAL<\/a><\/strong> <\/p>\n\n\n\n<p><strong><a href=\"https:\/\/2024-2027.charcas-slp.gob.mx\/wp-content\/uploads\/2025\/08\/Gasto_por_categoria_programatica_3062025.xls\">GASTO POR CATEGORIA PROGRAMATICA <\/a><\/strong><\/p>\n\n\n\n<p><strong><a href=\"https:\/\/2024-2027.charcas-slp.gob.mx\/wp-content\/uploads\/2025\/08\/Notas_Estados_Financieros_3062025.xlsx\">NOTAS ESTADOS FINANCIEROS<\/a><\/strong><\/p>\n\n\n\n<p><strong><a href=\"https:\/\/2024-2027.charcas-slp.gob.mx\/wp-content\/uploads\/2025\/08\/Conciliacion_Presupuestal_Egresos_3062025.xls\">CONCILIACI\u00d3N PRESUPUESTAL EGRESOS<\/a><\/strong><\/p>\n\n\n\n<p><strong><a href=\"https:\/\/2024-2027.charcas-slp.gob.mx\/wp-content\/uploads\/2025\/08\/Estado_de_flujos_de_efectivo_3062025.xls\">ESTADO DE FLUJO DE EFECTIVO<\/a><\/strong><\/p>\n\n\n\n<p><\/p>\n","protected":false},"excerpt":{"rendered":"<p>ESTADO DE SITUACI\u00d3N FINANCIERA ESTADO DE ACTIVIDADES ESTADO DE VARIACI\u00d3N EN LA HACIENDA PUBLICA ESTADO DE CAMBIOS EN LA SITUACI\u00d3N FINANCIERA ESTADO ANALITICO DEL ACTIVO ESTADO ANALITICO DE LA DEUDA Y OTROS PASIVOS INFORME SOBRE PASIVOS CONTINGENTES ESTADO ANALITICO DE INGRESOS EGRESOS POR CLASIFICACI\u00d3N POR OBJETO DEL GASTO EGRESOS POR CLASIFICACI\u00d3N ECONOMICA POR TIPO DE [&hellip;]<\/p>\n","protected":false},"author":2,"featured_media":0,"parent":0,"menu_order":0,"comment_status":"closed","ping_status":"closed","template":"","meta":{"footnotes":""},"class_list":["post-1372","page","type-page","status-publish","hentry"],"_links":{"self":[{"href":"https:\/\/2024-2027.charcas-slp.gob.mx\/index.php?rest_route=\/wp\/v2\/pages\/1372","targetHints":{"allow":["GET"]}}],"collection":[{"href":"https:\/\/2024-2027.charcas-slp.gob.mx\/index.php?rest_route=\/wp\/v2\/pages"}],"about":[{"href":"https:\/\/2024-2027.charcas-slp.gob.mx\/index.php?rest_route=\/wp\/v2\/types\/page"}],"author":[{"embeddable":true,"href":"https:\/\/2024-2027.charcas-slp.gob.mx\/index.php?rest_route=\/wp\/v2\/users\/2"}],"replies":[{"embeddable":true,"href":"https:\/\/2024-2027.charcas-slp.gob.mx\/index.php?rest_route=%2Fwp%2Fv2%2Fcomments&post=1372"}],"version-history":[{"count":15,"href":"https:\/\/2024-2027.charcas-slp.gob.mx\/index.php?rest_route=\/wp\/v2\/pages\/1372\/revisions"}],"predecessor-version":[{"id":1394,"href":"https:\/\/2024-2027.charcas-slp.gob.mx\/index.php?rest_route=\/wp\/v2\/pages\/1372\/revisions\/1394"}],"wp:attachment":[{"href":"https:\/\/2024-2027.charcas-slp.gob.mx\/index.php?rest_route=%2Fwp%2Fv2%2Fmedia&parent=1372"}],"curies":[{"name":"wp","href":"https:\/\/api.w.org\/{rel}","templated":true}]}}