{"id":1423,"date":"2025-10-15T18:34:12","date_gmt":"2025-10-15T18:34:12","guid":{"rendered":"https:\/\/2024-2027.charcas-slp.gob.mx\/?page_id=1423"},"modified":"2025-10-15T21:22:16","modified_gmt":"2025-10-15T21:22:16","slug":"contratos-ano-2025","status":"publish","type":"page","link":"https:\/\/2024-2027.charcas-slp.gob.mx\/?page_id=1423","title":{"rendered":"CONTRATOS A\u00d1O 2025"},"content":{"rendered":"\n<p><strong><a href=\"https:\/\/2024-2027.charcas-slp.gob.mx\/wp-content\/uploads\/2025\/10\/CONTRATO-CALLE-VASCO-DE-QUIROGA-VEERSION-PUBLICA.pdf\">CONTRATO CALLE VASCO DE QUIROGA VERSI\u00d3N P\u00daBLICA <\/a><\/strong><\/p>\n\n\n\n<p><strong><a href=\"https:\/\/drive.google.com\/file\/d\/1_ABjBzaS1gDfPgyeSg_576ArxwZ96q4t\/view?usp=sharing\">CONTRATO POZO IGNACIO ALDAMA VERSI\u00d3N P\u00daBLICA <\/a><\/strong><\/p>\n\n\n\n<p><strong><a href=\"https:\/\/drive.google.com\/file\/d\/1c1he_os-txjcBs9NTcTPao6giHfCrKDp\/view?usp=sharing\">CONTRATO OJO DE AGUA VERSI\u00d3N P\u00daBLICA <\/a><\/strong><\/p>\n\n\n\n<p><strong><a href=\"https:\/\/drive.google.com\/file\/d\/1NH3vBWCwGk8W7PdK2Km3ixC5qpLuwdl8\/view?usp=sharing\">CONTRATO CARRETERA SANTO DOMINGO VERSI\u00d3N P\u00daBLICA <\/a><\/strong><\/p>\n\n\n\n<p><strong><a href=\"https:\/\/drive.google.com\/file\/d\/1KLGBkwVcCgTHCQXpXb-0XTxHgKJhcpax\/view?usp=sharing\">CONTRATO CAMINO  TINAJUELAS VERSI\u00d3N P\u00daBLICA<\/a><\/strong><\/p>\n\n\n\n<p><\/p>\n\n\n\n<p><\/p>\n\n\n\n<p><\/p>\n\n\n\n<p><\/p>\n","protected":false},"excerpt":{"rendered":"<p>CONTRATO CALLE VASCO DE QUIROGA VERSI\u00d3N P\u00daBLICA CONTRATO POZO IGNACIO ALDAMA VERSI\u00d3N P\u00daBLICA CONTRATO OJO DE AGUA VERSI\u00d3N P\u00daBLICA CONTRATO CARRETERA SANTO DOMINGO VERSI\u00d3N P\u00daBLICA CONTRATO CAMINO TINAJUELAS VERSI\u00d3N P\u00daBLICA<\/p>\n","protected":false},"author":2,"featured_media":0,"parent":0,"menu_order":0,"comment_status":"closed","ping_status":"closed","template":"","meta":{"footnotes":""},"class_list":["post-1423","page","type-page","status-publish","hentry"],"_links":{"self":[{"href":"https:\/\/2024-2027.charcas-slp.gob.mx\/index.php?rest_route=\/wp\/v2\/pages\/1423","targetHints":{"allow":["GET"]}}],"collection":[{"href":"https:\/\/2024-2027.charcas-slp.gob.mx\/index.php?rest_route=\/wp\/v2\/pages"}],"about":[{"href":"https:\/\/2024-2027.charcas-slp.gob.mx\/index.php?rest_route=\/wp\/v2\/types\/page"}],"author":[{"embeddable":true,"href":"https:\/\/2024-2027.charcas-slp.gob.mx\/index.php?rest_route=\/wp\/v2\/users\/2"}],"replies":[{"embeddable":true,"href":"https:\/\/2024-2027.charcas-slp.gob.mx\/index.php?rest_route=%2Fwp%2Fv2%2Fcomments&post=1423"}],"version-history":[{"count":9,"href":"https:\/\/2024-2027.charcas-slp.gob.mx\/index.php?rest_route=\/wp\/v2\/pages\/1423\/revisions"}],"predecessor-version":[{"id":1435,"href":"https:\/\/2024-2027.charcas-slp.gob.mx\/index.php?rest_route=\/wp\/v2\/pages\/1423\/revisions\/1435"}],"wp:attachment":[{"href":"https:\/\/2024-2027.charcas-slp.gob.mx\/index.php?rest_route=%2Fwp%2Fv2%2Fmedia&parent=1423"}],"curies":[{"name":"wp","href":"https:\/\/api.w.org\/{rel}","templated":true}]}}