{"id":559,"date":"2024-08-15T16:43:18","date_gmt":"2024-08-15T16:43:18","guid":{"rendered":"https:\/\/charcas-slp.gob.mx\/2021-2024\/?page_id=559"},"modified":"2024-08-23T15:46:40","modified_gmt":"2024-08-23T15:46:40","slug":"tercer-trimestre-2023","status":"publish","type":"page","link":"https:\/\/2024-2027.charcas-slp.gob.mx\/?page_id=559","title":{"rendered":"TERCER TRIMESTRE 2023"},"content":{"rendered":"\n<p><strong><a href=\"https:\/\/charcas-slp.gob.mx\/2021-2024\/wp-content\/uploads\/2024\/08\/Estado_de_situacion_financiera_3092023.xls\">ESTADO DE SITUACI\u00d3N FINANCIERA TERCER TRIMESTRE 2023<\/a><\/strong><\/p>\n\n\n\n<p><strong><a href=\"https:\/\/charcas-slp.gob.mx\/2021-2024\/wp-content\/uploads\/2024\/08\/Estado_de_variacion_en_la_hacienda_publica_3092023.xls\">ESTADO DE VARIACI\u00d3N DE LA HACIENDA PUBLICA TERCER TRIMESTRE 2023<\/a><\/strong><\/p>\n\n\n\n<p><strong><a href=\"https:\/\/charcas-slp.gob.mx\/2021-2024\/wp-content\/uploads\/2024\/08\/Estado_de_cambios_en_la_situacion_financiera_3092023.xls\">ESTADO DE CAMBIO DE LA SITUACI\u00d3N FINANCIERA TERCER TRIMESTRE 2023<\/a><\/strong><\/p>\n\n\n\n<p><strong><a href=\"https:\/\/charcas-slp.gob.mx\/2021-2024\/wp-content\/uploads\/2024\/08\/Estado_analitico_del_activo_3092023.xls\">ESTADO ANALITICO DEL ACTIVO TERCER TRIMESTRE 2023<\/a><\/strong><\/p>\n\n\n\n<p><strong><a href=\"https:\/\/charcas-slp.gob.mx\/2021-2024\/wp-content\/uploads\/2024\/08\/Estado_de_actividades_3092023.xls\">ESTADO DE ACTIVIDADES TERCER TRIMESTRE 2023<\/a><\/strong><\/p>\n\n\n\n<p><strong><a href=\"https:\/\/charcas-slp.gob.mx\/2021-2024\/wp-content\/uploads\/2024\/08\/Estado_analitico_de_la_deuda_y_otros_pasivos_3092023.xls\">ESTADO ANALITICA DE LA DEUDA Y OTROS PASIVOS TERCER TRIMESTRE 2023<\/a><\/strong><\/p>\n\n\n\n<p><strong><a href=\"https:\/\/charcas-slp.gob.mx\/2021-2024\/wp-content\/uploads\/2024\/08\/Estado_analitico_de_ingresos_2019_3092023.xls\">ESTADO ANALITICO DE INGRESOS TERCER TRIMESTRE 2023<\/a><\/strong><\/p>\n\n\n\n<p><strong><a href=\"https:\/\/charcas-slp.gob.mx\/2021-2024\/wp-content\/uploads\/2024\/08\/Informe_sobre_pasivos_contingentes_3092023.xls\">INFORME SOBRE PASIVOS CONTINGENTES TERCER TRIMESTRE 2023<\/a><\/strong><\/p>\n\n\n\n<p><strong><a href=\"https:\/\/charcas-slp.gob.mx\/2021-2024\/wp-content\/uploads\/2024\/08\/Estado_de_flujos_de_efectivo_3092023.xls\">ESTADO DE FLUJO DE EFECTIVO TERCER TRIMESTRE 2023<\/a><\/strong><\/p>\n\n\n\n<p><strong><a href=\"https:\/\/charcas-slp.gob.mx\/2021-2024\/wp-content\/uploads\/2024\/08\/Endeudamiento_neto_3092023.xls\">ENDEUDAMIENTO NETO TERCER TRIMESTRE 2023<\/a><\/strong><\/p>\n\n\n\n<p><strong><a href=\"https:\/\/charcas-slp.gob.mx\/2021-2024\/wp-content\/uploads\/2024\/08\/Intereses_de_la_deuda_3092023.xls\">INTERESES DE LA DEUDA TERCER TRIMESTRE 2023<\/a><\/strong><\/p>\n\n\n\n<p><strong><a href=\"https:\/\/charcas-slp.gob.mx\/2021-2024\/wp-content\/uploads\/2024\/08\/INDICADORES-DE-RESULTADOS-3.pdf\">INDICADORES DE RESULTADOS TERCER TRIMESTRE 2023<\/a><\/strong><\/p>\n\n\n\n<p><strong><a href=\"https:\/\/charcas-slp.gob.mx\/2021-2024\/wp-content\/uploads\/2024\/08\/Gasto_por_categoria_programatica_3092023.xls\">GASTO POR CATEGORIA PROGRAMATICA TERCER TRIMESTRE 2023<\/a><\/strong><\/p>\n\n\n\n<p><strong><a href=\"https:\/\/charcas-slp.gob.mx\/2021-2024\/wp-content\/uploads\/2024\/08\/Egresos_por_clasificacion_administrativa_3092023.xls\">EGRESOS POR CLASIFICACI\u00d3N ADMINISTRATIVA TERCER TRIMESTRE 2023<\/a><\/strong><\/p>\n\n\n\n<p><strong><a href=\"https:\/\/charcas-slp.gob.mx\/2021-2024\/wp-content\/uploads\/2024\/08\/Egresos_por_clasificacion_por_objeto_del_gasto_3092023.xls\">EGRESOS POR CLASIFICACI\u00d3N POR OBJETO DE GASTO TERCER TRIMESTRE 2023<\/a><\/strong><\/p>\n\n\n\n<p><strong><a href=\"https:\/\/charcas-slp.gob.mx\/2021-2024\/wp-content\/uploads\/2024\/08\/Egresos_por_clasificacion_economica_por_tipo_de_gasto_3092023.xls\">EGRESOS POR CLASIFICACI\u00d3N ECONOMICA POR TIPO DE GASTO TERCER TRIMESTRE 2023<\/a><\/strong><\/p>\n\n\n\n<p><strong><a href=\"https:\/\/charcas-slp.gob.mx\/2021-2024\/wp-content\/uploads\/2024\/08\/Egresos_por_clasificacion_funcional_3092023.xls\">EGRESOS POR CLASIFICACI\u00d3N FUNCIONAL TERCER TRIMESTRE 2023<\/a><\/strong><\/p>\n\n\n\n<p><strong><a href=\"https:\/\/charcas-slp.gob.mx\/2021-2024\/wp-content\/uploads\/2024\/08\/Notas_Estados_Financieros_3092023.xlsx\">NOTAS ESTADOS FINANCIEROS TERCER TRIMESTRE 2023<\/a><\/strong><\/p>\n\n\n\n<p><strong><a href=\"https:\/\/charcas-slp.gob.mx\/2021-2024\/wp-content\/uploads\/2024\/08\/ARTICULO-78-3.pdf\">ART. 78 TERCER TRIMESTRE 2023<\/a><\/strong><\/p>\n\n\n\n<p><strong><a href=\"https:\/\/charcas-slp.gob.mx\/2021-2024\/wp-content\/uploads\/2024\/08\/AYUDAS-Y-SUBSIDIOS-3.pdf\">AYUDAS Y SUBSIDIOS TERCER TRIMESTRE 2023<\/a><\/strong><\/p>\n\n\n\n<p><strong><a href=\"https:\/\/charcas-slp.gob.mx\/2021-2024\/wp-content\/uploads\/2024\/08\/PROGRAMAS-Y-PROYECTOS-3.pdf\">PROGRAMAS Y PROYECTOS TERCER TRIMESTRE 2023<\/a><\/strong><\/p>\n\n\n\n<p><strong><a href=\"https:\/\/charcas-slp.gob.mx\/2021-2024\/wp-content\/uploads\/2024\/08\/15-Publica-la-informacion-trimestral-sobre-la-aplicacion-de-los-recursos-federales-para-el-Fondo-de-Aportaciones-para-la-Infraestructura-Social-4.pdf\">INFORMACI\u00d3N TRIMESTRAL SOBRE LA APLICACI\u00d3N DE LOS RECURSOS FEDERALES PARA EL FONDO DE APORTACIONES PARA LA INFRAESTRUCTURA SOCIAL <\/a><\/strong><\/p>\n\n\n\n<p><strong><a href=\"https:\/\/charcas-slp.gob.mx\/2021-2024\/wp-content\/uploads\/2024\/08\/Publica-la-informacion-de-aplicacion-de-recursos-federales-del-Fondo-de-Aportaciones-para-el-Fortalecimiento-de-los-Municipios-y-Demarcaciones-Territoriales-del-Distrito-Federal-3.pdf\">INFORMACI\u00d3N DE APLICACI\u00d3N DE RECURSOS FEDERALES DEL FONDO DE  APORTACIONES PARA EL FORTALECIMIENTO DE LOS MUNICIPIOS Y DEMARCACIONES <\/a><\/strong><\/p>\n\n\n\n<p><strong><a href=\"https:\/\/charcas-slp.gob.mx\/2021-2024\/wp-content\/uploads\/2024\/08\/Publica-la-informacion-trimestral-del-ejercicio-y-destino-de-gasto-federalizado-y-reintegros-3.pdf\">INFORMACI\u00d3N TRIMESTRAL DEL EJERCICIO Y DESTINO DE GASTO FEDELAZADO Y REINTEGROS <\/a><\/strong><\/p>\n\n\n\n<p><\/p>\n\n\n\n<p><\/p>\n\n\n\n<p><\/p>\n\n\n\n<p><\/p>\n\n\n\n<p><\/p>\n\n\n\n<p><\/p>\n\n\n\n<p><\/p>\n\n\n\n<p><\/p>\n","protected":false},"excerpt":{"rendered":"<p>ESTADO DE SITUACI\u00d3N FINANCIERA TERCER TRIMESTRE 2023 ESTADO DE VARIACI\u00d3N DE LA HACIENDA PUBLICA TERCER TRIMESTRE 2023 ESTADO DE CAMBIO DE LA SITUACI\u00d3N FINANCIERA TERCER TRIMESTRE 2023 ESTADO ANALITICO DEL ACTIVO TERCER TRIMESTRE 2023 ESTADO DE ACTIVIDADES TERCER TRIMESTRE 2023 ESTADO ANALITICA DE LA DEUDA Y OTROS PASIVOS TERCER TRIMESTRE 2023 ESTADO ANALITICO DE INGRESOS [&hellip;]<\/p>\n","protected":false},"author":2,"featured_media":0,"parent":0,"menu_order":0,"comment_status":"closed","ping_status":"closed","template":"","meta":{"footnotes":""},"class_list":["post-559","page","type-page","status-publish","hentry"],"_links":{"self":[{"href":"https:\/\/2024-2027.charcas-slp.gob.mx\/index.php?rest_route=\/wp\/v2\/pages\/559","targetHints":{"allow":["GET"]}}],"collection":[{"href":"https:\/\/2024-2027.charcas-slp.gob.mx\/index.php?rest_route=\/wp\/v2\/pages"}],"about":[{"href":"https:\/\/2024-2027.charcas-slp.gob.mx\/index.php?rest_route=\/wp\/v2\/types\/page"}],"author":[{"embeddable":true,"href":"https:\/\/2024-2027.charcas-slp.gob.mx\/index.php?rest_route=\/wp\/v2\/users\/2"}],"replies":[{"embeddable":true,"href":"https:\/\/2024-2027.charcas-slp.gob.mx\/index.php?rest_route=%2Fwp%2Fv2%2Fcomments&post=559"}],"version-history":[{"count":25,"href":"https:\/\/2024-2027.charcas-slp.gob.mx\/index.php?rest_route=\/wp\/v2\/pages\/559\/revisions"}],"predecessor-version":[{"id":614,"href":"https:\/\/2024-2027.charcas-slp.gob.mx\/index.php?rest_route=\/wp\/v2\/pages\/559\/revisions\/614"}],"wp:attachment":[{"href":"https:\/\/2024-2027.charcas-slp.gob.mx\/index.php?rest_route=%2Fwp%2Fv2%2Fmedia&parent=559"}],"curies":[{"name":"wp","href":"https:\/\/api.w.org\/{rel}","templated":true}]}}