{"id":741,"date":"2024-09-30T06:23:57","date_gmt":"2024-09-30T06:23:57","guid":{"rendered":"https:\/\/charcas-slp.gob.mx\/2021-2024\/?page_id=741"},"modified":"2024-09-30T07:21:00","modified_gmt":"2024-09-30T07:21:00","slug":"primer-trimestre-2022","status":"publish","type":"page","link":"https:\/\/2024-2027.charcas-slp.gob.mx\/?page_id=741","title":{"rendered":"PRIMER TRIMESTRE 2022"},"content":{"rendered":"\n<p><strong><a href=\"https:\/\/charcas-slp.gob.mx\/2021-2024\/wp-content\/uploads\/2024\/09\/Estado_de_situacion_financiera_3132022.xls\">ESTADO DE SITUACI\u00d3N FINANCIERA PRIMER TRIMESTRE 2022<\/a><\/strong><\/p>\n\n\n\n<p><strong><a href=\"https:\/\/charcas-slp.gob.mx\/2021-2024\/wp-content\/uploads\/2024\/09\/Estado_de_variacion_en_la_hacienda_publica_3132022.xls\">ESTADO DE VARIACI\u00d3N DE LA HACIENDA PUBLICA PRIMER TRIMESTRE 2022<\/a><\/strong><\/p>\n\n\n\n<p><strong><a href=\"https:\/\/charcas-slp.gob.mx\/2021-2024\/wp-content\/uploads\/2024\/09\/Estado_de_cambios_en_la_situacion_financiera_3132022.xls\">ESTADO DE CAMBIO DE LA SITUACI\u00d3N FINANCERA PRIMER TRIMESTRE 2022<\/a><\/strong><\/p>\n\n\n\n<p><strong><a href=\"https:\/\/charcas-slp.gob.mx\/2021-2024\/wp-content\/uploads\/2024\/09\/Estado_analitico_del_activo_3132022.xls\">ESTADO ANALITICO DEL ACTIVO PRIMER TRIMESTRE 2022<\/a><\/strong><\/p>\n\n\n\n<p><strong><a href=\"https:\/\/charcas-slp.gob.mx\/2021-2024\/wp-content\/uploads\/2024\/09\/Estado_de_actividades_2022_3132022.xls\">ESTADO DE ACTIVIDADES PRIMER TRIMESTRE 2022<\/a><\/strong><\/p>\n\n\n\n<p><strong><a href=\"https:\/\/charcas-slp.gob.mx\/2021-2024\/wp-content\/uploads\/2024\/09\/Estado_analitico_de_la_deuda_y_otros_pasivos_3132022.xls\">ESTADO ANALITICO DE LA DEUDA Y OTROS PASIVOS PRIMER TRIMESTRE 2022<\/a><\/strong><\/p>\n\n\n\n<p><strong><a href=\"https:\/\/charcas-slp.gob.mx\/2021-2024\/wp-content\/uploads\/2024\/09\/Estado_analitico_de_ingresos_2019_3132022.xls\">ESTADO ANALITICO DE INGRESOS PRIMER TRIMESTRE 2022<\/a><\/strong><\/p>\n\n\n\n<p><strong><a href=\"https:\/\/charcas-slp.gob.mx\/2021-2024\/wp-content\/uploads\/2024\/09\/Informe_sobre_pasivos_contingentes_3132022.xls\">INFORME SOBRE PASIVOS CONTINGENTES PRIMER TRIMESTRE 2022<\/a><\/strong><\/p>\n\n\n\n<p><strong><a href=\"https:\/\/charcas-slp.gob.mx\/2021-2024\/wp-content\/uploads\/2024\/09\/Estado_de_flujos_de_efectivo_3132022.xls\" data-type=\"link\" data-id=\"https:\/\/charcas-slp.gob.mx\/2021-2024\/wp-content\/uploads\/2024\/09\/Estado_de_flujos_de_efectivo_3132022.xls\">ESTADO DE FLUJO DE EFECTIVO PRIMER TRIMESTRE 2022<\/a><\/strong><\/p>\n\n\n\n<p><strong><a href=\"https:\/\/charcas-slp.gob.mx\/2021-2024\/wp-content\/uploads\/2024\/09\/Endeudamiento_neto_3132022.xls\">ENDEUDAMIENTO NETO PRIMER TRIMESTRE 2022<\/a><\/strong><\/p>\n\n\n\n<p><strong><a href=\"https:\/\/charcas-slp.gob.mx\/2021-2024\/wp-content\/uploads\/2024\/09\/Intereses_de_la_deuda_3132022.xls\">INTERESES DE LA DEUDA PRIMER TRIMESTRE 2022<\/a><\/strong><\/p>\n\n\n\n<p><strong><a href=\"https:\/\/charcas-slp.gob.mx\/2021-2024\/wp-content\/uploads\/2024\/09\/INDICADORES-DE-RESULTADOS-1.pdf\">INDICADORES DE RESULTADOS PRIMER TRIMESTRE 2022<\/a><\/strong><\/p>\n\n\n\n<p><strong><a href=\"https:\/\/charcas-slp.gob.mx\/2021-2024\/wp-content\/uploads\/2024\/09\/Gasto_por_categoria_programatica_3132022.xls\">GASTO POR CATEGORIA PROGRAMATICA PRIMER TRIMESTRE 2022<\/a><\/strong><\/p>\n\n\n\n<p><strong><a href=\"https:\/\/charcas-slp.gob.mx\/2021-2024\/wp-content\/uploads\/2024\/09\/Egresos_por_clasificacion_administrativa_3132022.xls\">EGRESOS POR CLASIFICAC\u00d3N ADMINISTRATIVA PRIMER TRIMESTRE 2022<\/a><\/strong><\/p>\n\n\n\n<p><strong><a href=\"https:\/\/charcas-slp.gob.mx\/2021-2024\/wp-content\/uploads\/2024\/09\/Egresos_por_clasificacion_por_objeto_del_gasto_3132022.xls\">EGRESOS POR CLASIFICACI\u00d3N POR OBJETO DE GASTO PRIMER TRIMESTRE 2022<\/a><\/strong><\/p>\n\n\n\n<p><strong><a href=\"https:\/\/charcas-slp.gob.mx\/2021-2024\/wp-content\/uploads\/2024\/09\/Egresos_por_clasificacion_economica_por_tipo_de_gasto_3132022.xls\">EGRESOS POR CLASIFICACI\u00d3N ECONOMICA POR TIPO DE GASTO PRIMER TRIMESTRE 2022<\/a><\/strong><\/p>\n\n\n\n<p><strong><a href=\"https:\/\/charcas-slp.gob.mx\/2021-2024\/wp-content\/uploads\/2024\/09\/Egresos_por_clasificacion_funcional_3132022.xls\">EGRESOS POR CLASIFICACI\u00d3N FUNCIONAL PRIMER TRIMESTRE 2022<\/a><\/strong><\/p>\n\n\n\n<p><strong><a href=\"https:\/\/charcas-slp.gob.mx\/2021-2024\/wp-content\/uploads\/2024\/09\/Notas_Estados_Financieros_3132022.xlsx\">NOTAS ESTADOS FINANCIEROS PRIMER TRIMESTRE 2022<\/a><\/strong><\/p>\n\n\n\n<p><strong><a href=\"https:\/\/charcas-slp.gob.mx\/2021-2024\/wp-content\/uploads\/2024\/09\/ARTICULO-78-1.pdf\">ART. 78 PRIMER TRIMESTRE 2022<\/a><\/strong><\/p>\n\n\n\n<p><strong><a href=\"https:\/\/charcas-slp.gob.mx\/2021-2024\/wp-content\/uploads\/2024\/09\/AYUDAS-Y-SUBSIDIOS-1.pdf\">AYUDAS Y SUBSIDIOS PRIMER TRIMESTRE 2022<\/a><\/strong><\/p>\n\n\n\n<p><strong><a href=\"https:\/\/charcas-slp.gob.mx\/2021-2024\/wp-content\/uploads\/2024\/09\/PROGRAMAS-Y-PROYECTOS-1.pdf\">PROGRAMAS Y PROYECTOS PRIMER TRIMESTRE 2022<\/a><\/strong><\/p>\n\n\n\n<p><strong><a href=\"https:\/\/charcas-slp.gob.mx\/2021-2024\/wp-content\/uploads\/2024\/09\/Publica-la-informacion-trimestral-sobre-la-aplicacion-de-los-recursos-federales-para-el-Fondo-de-Aportaciones-para-la-Infraestructura-Social.pdf\">INFORMACI\u00d3N TRIMESTRAL SOBRE LA APLICACI\u00d3N DE LOS RECURSOS FEDERALES PARA EL FONDO DE APORTACIONES PARA LA INSTRAESTRUCTURA SOCIAL PRIMER TRIMESTRE 2022<\/a><\/strong><\/p>\n\n\n\n<p><strong><a href=\"https:\/\/charcas-slp.gob.mx\/2021-2024\/wp-content\/uploads\/2024\/09\/Publica-la-informacion-de-aplicacion-de-recursos-federales-del-Fondo-de-Aportaciones-para-el-Fortalecimiento-de-los-Municipios-y-Demarcaciones-Territoriales-del-Distrito-Federal-1.pdf\">INFORMACI\u00d3N DE APLICACI\u00d3N DE RECURSOS FEDERALES DEL FONDO DE APORTAACIONES PARA EL FORTALECIMIENTO DE LOS MUNICIPIOS Y DEMARCACIONES TERRITORIALES DEL DISTRITO FEDRAL <\/a><\/strong><\/p>\n\n\n\n<p><strong><a href=\"https:\/\/charcas-slp.gob.mx\/2021-2024\/wp-content\/uploads\/2024\/09\/Publica-la-informacion-trimestral-del-ejercicio-y-destino-de-gasto-federalizado-y-reintegros-1.pdf\">INFORMACI\u00d3N TRIMESTRAL DEL EJERCICIO Y DESTINO DEL GASTO FEDERALIZADO Y REINTEGROS.<\/a><\/strong><\/p>\n\n\n\n<p><\/p>\n\n\n\n<p><\/p>\n","protected":false},"excerpt":{"rendered":"<p>ESTADO DE SITUACI\u00d3N FINANCIERA PRIMER TRIMESTRE 2022 ESTADO DE VARIACI\u00d3N DE LA HACIENDA PUBLICA PRIMER TRIMESTRE 2022 ESTADO DE CAMBIO DE LA SITUACI\u00d3N FINANCERA PRIMER TRIMESTRE 2022 ESTADO ANALITICO DEL ACTIVO PRIMER TRIMESTRE 2022 ESTADO DE ACTIVIDADES PRIMER TRIMESTRE 2022 ESTADO ANALITICO DE LA DEUDA Y OTROS PASIVOS PRIMER TRIMESTRE 2022 ESTADO ANALITICO DE INGRESOS [&hellip;]<\/p>\n","protected":false},"author":2,"featured_media":0,"parent":0,"menu_order":0,"comment_status":"closed","ping_status":"closed","template":"","meta":{"footnotes":""},"class_list":["post-741","page","type-page","status-publish","hentry"],"_links":{"self":[{"href":"https:\/\/2024-2027.charcas-slp.gob.mx\/index.php?rest_route=\/wp\/v2\/pages\/741","targetHints":{"allow":["GET"]}}],"collection":[{"href":"https:\/\/2024-2027.charcas-slp.gob.mx\/index.php?rest_route=\/wp\/v2\/pages"}],"about":[{"href":"https:\/\/2024-2027.charcas-slp.gob.mx\/index.php?rest_route=\/wp\/v2\/types\/page"}],"author":[{"embeddable":true,"href":"https:\/\/2024-2027.charcas-slp.gob.mx\/index.php?rest_route=\/wp\/v2\/users\/2"}],"replies":[{"embeddable":true,"href":"https:\/\/2024-2027.charcas-slp.gob.mx\/index.php?rest_route=%2Fwp%2Fv2%2Fcomments&post=741"}],"version-history":[{"count":17,"href":"https:\/\/2024-2027.charcas-slp.gob.mx\/index.php?rest_route=\/wp\/v2\/pages\/741\/revisions"}],"predecessor-version":[{"id":786,"href":"https:\/\/2024-2027.charcas-slp.gob.mx\/index.php?rest_route=\/wp\/v2\/pages\/741\/revisions\/786"}],"wp:attachment":[{"href":"https:\/\/2024-2027.charcas-slp.gob.mx\/index.php?rest_route=%2Fwp%2Fv2%2Fmedia&parent=741"}],"curies":[{"name":"wp","href":"https:\/\/api.w.org\/{rel}","templated":true}]}}