{"id":834,"date":"2024-11-11T06:32:59","date_gmt":"2024-11-11T06:32:59","guid":{"rendered":"https:\/\/charcas-slp.gob.mx\/2024-2027\/?page_id=834"},"modified":"2024-11-14T20:42:50","modified_gmt":"2024-11-14T20:42:50","slug":"tercer-trimestre-2024","status":"publish","type":"page","link":"https:\/\/2024-2027.charcas-slp.gob.mx\/?page_id=834","title":{"rendered":"TERCER TRIMESTRE 2024"},"content":{"rendered":"\n<p><strong><a href=\"https:\/\/charcas-slp.gob.mx\/2024-2027\/wp-content\/uploads\/2024\/11\/1.-Estado_de_situacion_financiera_3092024.pdf\">Estado de situaci\u00f3n financiera tercer trimestre<\/a><\/strong><\/p>\n\n\n\n<p><strong><a href=\"https:\/\/charcas-slp.gob.mx\/2024-2027\/wp-content\/uploads\/2024\/11\/2.-Estado_de_actividades_3092024.pdf\">Estado de actividades tercer trimestre <\/a><\/strong><\/p>\n\n\n\n<p><strong><a href=\"https:\/\/charcas-slp.gob.mx\/2024-2027\/wp-content\/uploads\/2024\/11\/3.-Estado_de_variacion_en_la_hacienda_publica_3092024.pdf\">Estado de variaci\u00f3n de la hacienda publica tercer trimestre <\/a><\/strong><\/p>\n\n\n\n<p><strong><a href=\"https:\/\/charcas-slp.gob.mx\/2024-2027\/wp-content\/uploads\/2024\/11\/4.-Estado_de_cambios_en_la_situacion_financiera_3092024.pdf\">Estado de cambios en la situaci\u00f3n financiera tercer trimestre <\/a><\/strong><\/p>\n\n\n\n<p><strong><a href=\"https:\/\/charcas-slp.gob.mx\/2024-2027\/wp-content\/uploads\/2024\/11\/5.-Estado_analitico_del_activo_3092024.pdf\">Estado anal\u00edtico del activo tercer trimestre <\/a><\/strong><\/p>\n\n\n\n<p><strong><a href=\"https:\/\/charcas-slp.gob.mx\/2024-2027\/wp-content\/uploads\/2024\/11\/6.-Estado_analitico_de_la_deuda_y_otros_pasivos_3092024.pdf\">Estado anal\u00edtico de la deuda y otros pasivos tercer trimestre <\/a><\/strong><\/p>\n\n\n\n<p><strong><a href=\"https:\/\/charcas-slp.gob.mx\/2024-2027\/wp-content\/uploads\/2024\/11\/7.-Estado_de_flujos_de_efectivo_3092024.pdf\">Estado de flujos de efectivo tercer trimestre <\/a><\/strong><\/p>\n\n\n\n<p><strong><a href=\"https:\/\/charcas-slp.gob.mx\/2024-2027\/wp-content\/uploads\/2024\/11\/8.-Estado_analitico_de_ingresos3092024.pdf\">Estado anal\u00edtico de ingresos tercer trimestre <\/a><\/strong><\/p>\n\n\n\n<p><strong><a href=\"https:\/\/charcas-slp.gob.mx\/2024-2027\/wp-content\/uploads\/2024\/11\/9.-Egresos_por_clasificacion_por_objeto_del_gasto_3092024.pdf\">Egresos por clasificaci\u00f3n por objeto de gastos tercer trimestre<\/a><\/strong><\/p>\n\n\n\n<p><strong><a href=\"https:\/\/charcas-slp.gob.mx\/2024-2027\/wp-content\/uploads\/2024\/11\/10-Egresos_por_clasificacion_economica_por_tipo_de_gasto_3092024.pdf\">Egresos por clasificaci\u00f3n econ\u00f3mica por tipo de gasto tercer trimestre   <\/a><\/strong><\/p>\n\n\n\n<p><strong><a href=\"https:\/\/charcas-slp.gob.mx\/2024-2027\/wp-content\/uploads\/2024\/11\/11.-Egresos_por_clasificacion_administrativa_3092024.pdf\">Egresos por clasificaci\u00f3n administrativa tercer trimestre<\/a><\/strong> <\/p>\n\n\n\n<p><strong><a href=\"https:\/\/charcas-slp.gob.mx\/2024-2027\/wp-content\/uploads\/2024\/11\/12.-Egresos_por_clasificacion_funcional_3092024.pdf\">Egresos por clasificaci\u00f3n funcional tercer trimestre  <\/a><\/strong><\/p>\n\n\n\n<p><strong><a href=\"https:\/\/charcas-slp.gob.mx\/2024-2027\/wp-content\/uploads\/2024\/11\/13.-Gasto_por_categoria_programatica_3092024.pdf\">Gasto por categor\u00eda program\u00e1tica tercer trimestre <\/a><\/strong> <\/p>\n\n\n\n<p><strong><a href=\"https:\/\/charcas-slp.gob.mx\/2024-2027\/wp-content\/uploads\/2024\/11\/14.-Endeudamiento_neto_3092024.pdf\">Endeudamiento neto tercer trimestre <\/a><\/strong><\/p>\n\n\n\n<p><strong><a href=\"https:\/\/charcas-slp.gob.mx\/2024-2027\/wp-content\/uploads\/2024\/11\/15.-Intereses_de_la_deuda_3092024.pdf\">Intereses de la deuda tercer trimestre <\/a><\/strong><\/p>\n\n\n\n<p><strong><a href=\"https:\/\/charcas-slp.gob.mx\/2024-2027\/wp-content\/uploads\/2024\/11\/16.-Informe_sobre_pasivos_contingentes_3092024.pdf\">Informe sobre pasivos contingentes tercer trimestre <\/a><\/strong><\/p>\n\n\n\n<p><strong><a href=\"https:\/\/charcas-slp.gob.mx\/2024-2027\/wp-content\/uploads\/2024\/11\/17.-Indicadores_financieros.pdf\">Indicadores financieros tercer trimestre <\/a><\/strong><\/p>\n\n\n\n<p><strong><a href=\"https:\/\/charcas-slp.gob.mx\/2024-2027\/wp-content\/uploads\/2024\/11\/18.-Conciliacion_Presupuestal_Egresos_3092024.pdf\">Conciliaci\u00f3n presupuestal egresos tercer trimestre<\/a><\/strong>  <\/p>\n\n\n\n<p><strong><a href=\"https:\/\/charcas-slp.gob.mx\/2024-2027\/wp-content\/uploads\/2024\/11\/19.-ConciliacionPresupuestal-ingresos.pdf\">Consiliacio presupuestal ingresos tercer trimestre<\/a><\/strong> <\/p>\n\n\n\n<p><strong><a href=\"https:\/\/charcas-slp.gob.mx\/2024-2027\/wp-content\/uploads\/2024\/11\/20.-Notas_Estados_Financieros_3092024.pdf\">Notas estados financieros tercer trimestre   <\/a><\/strong><\/p>\n\n\n\n<p><\/p>\n\n\n\n<p><\/p>\n","protected":false},"excerpt":{"rendered":"<p>Estado de situaci\u00f3n financiera tercer trimestre Estado de actividades tercer trimestre Estado de variaci\u00f3n de la hacienda publica tercer trimestre Estado de cambios en la situaci\u00f3n financiera tercer trimestre Estado anal\u00edtico del activo tercer trimestre Estado anal\u00edtico de la deuda y otros pasivos tercer trimestre Estado de flujos de efectivo tercer trimestre Estado anal\u00edtico de [&hellip;]<\/p>\n","protected":false},"author":2,"featured_media":0,"parent":0,"menu_order":0,"comment_status":"closed","ping_status":"closed","template":"","meta":{"footnotes":""},"class_list":["post-834","page","type-page","status-publish","hentry"],"_links":{"self":[{"href":"https:\/\/2024-2027.charcas-slp.gob.mx\/index.php?rest_route=\/wp\/v2\/pages\/834","targetHints":{"allow":["GET"]}}],"collection":[{"href":"https:\/\/2024-2027.charcas-slp.gob.mx\/index.php?rest_route=\/wp\/v2\/pages"}],"about":[{"href":"https:\/\/2024-2027.charcas-slp.gob.mx\/index.php?rest_route=\/wp\/v2\/types\/page"}],"author":[{"embeddable":true,"href":"https:\/\/2024-2027.charcas-slp.gob.mx\/index.php?rest_route=\/wp\/v2\/users\/2"}],"replies":[{"embeddable":true,"href":"https:\/\/2024-2027.charcas-slp.gob.mx\/index.php?rest_route=%2Fwp%2Fv2%2Fcomments&post=834"}],"version-history":[{"count":20,"href":"https:\/\/2024-2027.charcas-slp.gob.mx\/index.php?rest_route=\/wp\/v2\/pages\/834\/revisions"}],"predecessor-version":[{"id":980,"href":"https:\/\/2024-2027.charcas-slp.gob.mx\/index.php?rest_route=\/wp\/v2\/pages\/834\/revisions\/980"}],"wp:attachment":[{"href":"https:\/\/2024-2027.charcas-slp.gob.mx\/index.php?rest_route=%2Fwp%2Fv2%2Fmedia&parent=834"}],"curies":[{"name":"wp","href":"https:\/\/api.w.org\/{rel}","templated":true}]}}