{"id":928,"date":"2024-11-14T16:04:42","date_gmt":"2024-11-14T16:04:42","guid":{"rendered":"https:\/\/charcas-slp.gob.mx\/2024-2027\/?page_id=928"},"modified":"2024-11-15T22:14:38","modified_gmt":"2024-11-15T22:14:38","slug":"cuenta-publica-2","status":"publish","type":"page","link":"https:\/\/2024-2027.charcas-slp.gob.mx\/?page_id=928","title":{"rendered":"Cuenta P\u00fablica"},"content":{"rendered":"\n<p><strong><a href=\"https:\/\/charcas-slp.gob.mx\/2024-2027\/wp-content\/uploads\/2024\/11\/CUENTA-PUBLICA-2023.pdf\" data-type=\"link\" data-id=\"https:\/\/charcas-slp.gob.mx\/2024-2027\/wp-content\/uploads\/2024\/11\/CUENTA-PUBLICA-2023.pdf\" target=\"_blank\" rel=\"noreferrer noopener\">Cuenta P\u00fablica 2023<\/a><\/strong><\/p>\n\n\n\n<p><strong><a href=\"https:\/\/charcas-slp.gob.mx\/2024-2027\/wp-content\/uploads\/2024\/11\/CUENTA-PUBLICA-2022.pdf\" data-type=\"link\" data-id=\"https:\/\/charcas-slp.gob.mx\/2024-2027\/wp-content\/uploads\/2024\/11\/CUENTA-PUBLICA-2022.pdf\" target=\"_blank\" rel=\"noreferrer noopener\">Cuenta P\u00fablica 2022<\/a><\/strong><\/p>\n\n\n\n<p><strong><a href=\"https:\/\/charcas-slp.gob.mx\/2024-2027\/wp-content\/uploads\/2024\/11\/CUENTA-PUBLICA-2021.pdf\" data-type=\"link\" data-id=\"https:\/\/charcas-slp.gob.mx\/2024-2027\/wp-content\/uploads\/2024\/11\/CUENTA-PUBLICA-2021.pdf\" target=\"_blank\" rel=\"noreferrer noopener\">Cuenta P\u00fablica 2021<\/a><\/strong><\/p>\n\n\n\n<p>Cuenta P\u00fablica 2020<\/p>\n\n\n\n<p>Cuenta P\u00fablica 2019<\/p>\n","protected":false},"excerpt":{"rendered":"<p>Cuenta P\u00fablica 2023 Cuenta P\u00fablica 2022 Cuenta P\u00fablica 2021 Cuenta P\u00fablica 2020 Cuenta P\u00fablica 2019<\/p>\n","protected":false},"author":2,"featured_media":0,"parent":0,"menu_order":0,"comment_status":"closed","ping_status":"closed","template":"","meta":{"footnotes":""},"class_list":["post-928","page","type-page","status-publish","hentry"],"_links":{"self":[{"href":"https:\/\/2024-2027.charcas-slp.gob.mx\/index.php?rest_route=\/wp\/v2\/pages\/928","targetHints":{"allow":["GET"]}}],"collection":[{"href":"https:\/\/2024-2027.charcas-slp.gob.mx\/index.php?rest_route=\/wp\/v2\/pages"}],"about":[{"href":"https:\/\/2024-2027.charcas-slp.gob.mx\/index.php?rest_route=\/wp\/v2\/types\/page"}],"author":[{"embeddable":true,"href":"https:\/\/2024-2027.charcas-slp.gob.mx\/index.php?rest_route=\/wp\/v2\/users\/2"}],"replies":[{"embeddable":true,"href":"https:\/\/2024-2027.charcas-slp.gob.mx\/index.php?rest_route=%2Fwp%2Fv2%2Fcomments&post=928"}],"version-history":[{"count":4,"href":"https:\/\/2024-2027.charcas-slp.gob.mx\/index.php?rest_route=\/wp\/v2\/pages\/928\/revisions"}],"predecessor-version":[{"id":1112,"href":"https:\/\/2024-2027.charcas-slp.gob.mx\/index.php?rest_route=\/wp\/v2\/pages\/928\/revisions\/1112"}],"wp:attachment":[{"href":"https:\/\/2024-2027.charcas-slp.gob.mx\/index.php?rest_route=%2Fwp%2Fv2%2Fmedia&parent=928"}],"curies":[{"name":"wp","href":"https:\/\/api.w.org\/{rel}","templated":true}]}}